{"id":125,"date":"2020-02-27T16:27:51","date_gmt":"2020-02-27T09:27:51","guid":{"rendered":"https:\/\/grasptheberry.wordpress.com\/about\/"},"modified":"2026-01-24T17:50:43","modified_gmt":"2026-01-24T17:50:43","slug":"about","status":"publish","type":"page","link":"https:\/\/sisiliving.com\/index.php\/about\/","title":{"rendered":"About"},"content":{"rendered":"\n<figure class=\"wp-block-gallery alignleft has-nested-images columns-default wp-block-gallery-1 is-layout-flex wp-block-gallery-is-layout-flex\"><div class=\"wp-block-image is-style-default\">\n<figure class=\"aligncenter size-full\"><img data-recalc-dims=\"1\" loading=\"lazy\" decoding=\"async\" width=\"640\" height=\"960\" data-id=\"2464\" src=\"https:\/\/i0.wp.com\/sisiliving.com\/wp-content\/uploads\/2025\/08\/unnamed-4-scaled.jpg?resize=640%2C960&#038;ssl=1\" alt=\"\" class=\"wp-image-2464\" srcset=\"https:\/\/i0.wp.com\/sisiliving.com\/wp-content\/uploads\/2025\/08\/unnamed-4-scaled.jpg?w=1707&amp;ssl=1 1707w, https:\/\/i0.wp.com\/sisiliving.com\/wp-content\/uploads\/2025\/08\/unnamed-4-scaled.jpg?resize=200%2C300&amp;ssl=1 200w, https:\/\/i0.wp.com\/sisiliving.com\/wp-content\/uploads\/2025\/08\/unnamed-4-scaled.jpg?resize=683%2C1024&amp;ssl=1 683w, https:\/\/i0.wp.com\/sisiliving.com\/wp-content\/uploads\/2025\/08\/unnamed-4-scaled.jpg?resize=768%2C1152&amp;ssl=1 768w, https:\/\/i0.wp.com\/sisiliving.com\/wp-content\/uploads\/2025\/08\/unnamed-4-scaled.jpg?resize=1024%2C1536&amp;ssl=1 1024w, https:\/\/i0.wp.com\/sisiliving.com\/wp-content\/uploads\/2025\/08\/unnamed-4-scaled.jpg?resize=1365%2C2048&amp;ssl=1 1365w, https:\/\/i0.wp.com\/sisiliving.com\/wp-content\/uploads\/2025\/08\/unnamed-4-scaled.jpg?resize=1320%2C1980&amp;ssl=1 1320w\" sizes=\"auto, (max-width: 640px) 100vw, 640px\" \/><\/figure><\/div><\/figure>\n\n\n\n<div class=\"wp-block-columns is-layout-flex wp-container-core-columns-is-layout-1 wp-block-columns-is-layout-flex\">\n<div class=\"wp-block-column is-layout-flow wp-block-column-is-layout-flow\" style=\"flex-basis:66.66%\"><div class=\"wp-block-jetpack-subscriptions__supports-newline wp-block-jetpack-subscriptions\">\n\t\t<div>\n\t\t\t<div>\n\t\t\t\t<div>\n\t\t\t\t\t<p >\n\t\t\t\t\t\t<a href=\"https:\/\/sisiliving.com\/?post_type=page&#038;p=125\" style=\"font-size: 16px;padding: 15px 23px 15px 23px;margin: 0; margin-left: 10px;border-radius: 0px;border-width: 1px; background-color: #113AF5; color: #FFFFFF; text-decoration: none; white-space: nowrap; margin-left: 0\">Subscribe<\/a>\n\t\t\t\t\t<\/p>\n\t\t\t\t<\/div>\n\t\t\t<\/div>\n\t\t<\/div>\n\t<\/div><\/div>\n\n\n\n<div class=\"wp-block-column is-layout-flow wp-block-column-is-layout-flow\" style=\"flex-basis:33.33%\"><\/div>\n<\/div>\n\n\n\n<div class=\"wp-block-group\"><div class=\"wp-block-group__inner-container is-layout-flow wp-block-group-is-layout-flow\">\n<div class=\"wp-block-columns is-layout-flex wp-container-core-columns-is-layout-3 wp-block-columns-is-layout-flex\">\n<div class=\"wp-block-column is-vertically-aligned-top is-layout-flow wp-block-column-is-layout-flow\" style=\"flex-basis:100%\">\n<div class=\"wp-block-group\"><div class=\"wp-block-group__inner-container is-layout-flow wp-block-group-is-layout-flow\">\n<div class=\"wp-block-columns is-layout-flex wp-container-core-columns-is-layout-2 wp-block-columns-is-layout-flex\">\n<div class=\"wp-block-column is-layout-flow wp-block-column-is-layout-flow\" style=\"flex-basis:100%\">\n<p><em>I was wandering around from land to land, thinking about who I wanted to be &amp; what I really wanted in this life. Then, I read more, learned more, and wrote more to answer my own questions. One day, this blog was born, carrying my thoughts, journeys, and my random some.<\/em><br><br>\u273f An admirer of the beauty in simplicity<br><br>\u273f I&#8217;m an Asian and currently living in Finland, Europe. I am working as a Designer in the User Experience field, specializing in Design Systems.<br><br>\u273f Writing, music, books, nature, and animals are my best therapies. This blog was first created due to my admiration for the meaningful lifestyles of the Japanese and Nordic countries.<br><br>I hope you enjoy and find something helpful in my words. You can subscribe to receive emails about my new blog posts. It will be a big mental support for me to write more &lt;3 Thank you, all!<br><br>&#8212;<br><br>Email: hello@sisiliving.com<br><br>LinkedIn: <a href=\"https:\/\/www.linkedin.com\/in\/sylvievu\/\">https:\/\/www.linkedin.com\/in\/sylvievu\/<\/a><br><br>Medium: <a href=\"https:\/\/medium.com\/@sylvievu\">https:\/\/medium.com\/@sylvievu<\/a><\/p>\n\n\n\n<p><br><br>Tips: most of the posts are in Vietnamese,<em> so if you are not Vietnamese, kindly use Chrome, click the right mouse, then choose &#8220;Translate&#8221; for the page to be translated into your language or English. <\/em><\/p>\n<\/div>\n<\/div>\n<\/div><\/div>\n<\/div>\n<\/div>\n<\/div><\/div>\n\n\n<div class=\"wp-block-jetpack-subscriptions__supports-newline wp-block-jetpack-subscriptions\">\n\t\t<div>\n\t\t\t<div>\n\t\t\t\t<div>\n\t\t\t\t\t<p >\n\t\t\t\t\t\t<a href=\"https:\/\/sisiliving.com\/?post_type=page&#038;p=125\" style=\"font-size: 16px;padding: 15px 23px 15px 23px;margin: 0; margin-left: 10px;border-radius: 0px;border-width: 1px; background-color: #113AF5; color: #FFFFFF; text-decoration: none; white-space: nowrap; margin-left: 0\">Subscribe<\/a>\n\t\t\t\t\t<\/p>\n\t\t\t\t<\/div>\n\t\t\t<\/div>\n\t\t<\/div>\n\t<\/div>\n\n\n<p><\/p>\n","protected":false},"excerpt":{"rendered":"<p>I was wandering around from land to land, thinking about who I wanted to be &amp; what I really wanted&hellip;<\/p>\n","protected":false},"author":1,"featured_media":0,"parent":0,"menu_order":1,"comment_status":"closed","ping_status":"closed","template":"","meta":{"_uag_custom_page_level_css":"","_monsterinsights_skip_tracking":false,"_monsterinsights_sitenote_active":false,"_monsterinsights_sitenote_note":"","_monsterinsights_sitenote_category":0,"jetpack_post_was_ever_published":false,"footnotes":""},"class_list":["post-125","page","type-page","status-publish","hentry"],"yoast_head":"<!-- This site is optimized with the Yoast SEO plugin v26.8 - https:\/\/yoast.com\/product\/yoast-seo-wordpress\/ -->\n<title>About - Sisi Living<\/title>\n<meta name=\"robots\" content=\"index, follow, max-snippet:-1, max-image-preview:large, max-video-preview:-1\" \/>\n<link rel=\"canonical\" href=\"https:\/\/sisiliving.com\/index.php\/about\/\" \/>\n<meta property=\"og:locale\" content=\"en_US\" \/>\n<meta property=\"og:type\" content=\"article\" \/>\n<meta property=\"og:title\" content=\"About - Sisi Living\" \/>\n<meta property=\"og:description\" content=\"I was wandering around from land to land, thinking about who I wanted to be &amp; what I really wanted&hellip;\" \/>\n<meta property=\"og:url\" content=\"https:\/\/sisiliving.com\/index.php\/about\/\" \/>\n<meta property=\"og:site_name\" content=\"Sisi Living\" \/>\n<meta property=\"article:publisher\" content=\"https:\/\/facebook.com\/sisivyl\" \/>\n<meta property=\"article:modified_time\" content=\"2026-01-24T17:50:43+00:00\" \/>\n<meta property=\"og:image\" content=\"https:\/\/sisiliving.com\/wp-content\/uploads\/2025\/08\/unnamed-4-scaled.jpg\" \/>\n<meta name=\"twitter:card\" content=\"summary_large_image\" \/>\n<meta name=\"twitter:label1\" content=\"Est. reading time\" \/>\n\t<meta name=\"twitter:data1\" content=\"2 minutes\" \/>\n<script type=\"application\/ld+json\" class=\"yoast-schema-graph\">{\"@context\":\"https:\/\/schema.org\",\"@graph\":[{\"@type\":[\"WebPage\",\"CollectionPage\"],\"@id\":\"https:\/\/sisiliving.com\/index.php\/about\/\",\"url\":\"https:\/\/sisiliving.com\/index.php\/about\/\",\"name\":\"About - Sisi Living\",\"isPartOf\":{\"@id\":\"https:\/\/sisiliving.com\/#website\"},\"primaryImageOfPage\":{\"@id\":\"https:\/\/sisiliving.com\/index.php\/about\/#primaryimage\"},\"image\":{\"@id\":\"https:\/\/sisiliving.com\/index.php\/about\/#primaryimage\"},\"thumbnailUrl\":\"https:\/\/sisiliving.com\/wp-content\/uploads\/2025\/08\/unnamed-4-scaled.jpg\",\"datePublished\":\"2020-02-27T09:27:51+00:00\",\"dateModified\":\"2026-01-24T17:50:43+00:00\",\"breadcrumb\":{\"@id\":\"https:\/\/sisiliving.com\/index.php\/about\/#breadcrumb\"},\"inLanguage\":\"en-US\"},{\"@type\":\"ImageObject\",\"inLanguage\":\"en-US\",\"@id\":\"https:\/\/sisiliving.com\/index.php\/about\/#primaryimage\",\"url\":\"https:\/\/i0.wp.com\/sisiliving.com\/wp-content\/uploads\/2025\/08\/unnamed-4-scaled.jpg?fit=1707%2C2560&ssl=1\",\"contentUrl\":\"https:\/\/i0.wp.com\/sisiliving.com\/wp-content\/uploads\/2025\/08\/unnamed-4-scaled.jpg?fit=1707%2C2560&ssl=1\",\"width\":1707,\"height\":2560},{\"@type\":\"BreadcrumbList\",\"@id\":\"https:\/\/sisiliving.com\/index.php\/about\/#breadcrumb\",\"itemListElement\":[{\"@type\":\"ListItem\",\"position\":1,\"name\":\"Home\",\"item\":\"https:\/\/sisiliving.com\/\"},{\"@type\":\"ListItem\",\"position\":2,\"name\":\"About\"}]},{\"@type\":\"WebSite\",\"@id\":\"https:\/\/sisiliving.com\/#website\",\"url\":\"https:\/\/sisiliving.com\/\",\"name\":\"Sisi's Living\",\"description\":\"A garden of sisi&#039;s thoughts.\",\"publisher\":{\"@id\":\"https:\/\/sisiliving.com\/#organization\"},\"potentialAction\":[{\"@type\":\"SearchAction\",\"target\":{\"@type\":\"EntryPoint\",\"urlTemplate\":\"https:\/\/sisiliving.com\/?s={search_term_string}\"},\"query-input\":{\"@type\":\"PropertyValueSpecification\",\"valueRequired\":true,\"valueName\":\"search_term_string\"}}],\"inLanguage\":\"en-US\"},{\"@type\":\"Organization\",\"@id\":\"https:\/\/sisiliving.com\/#organization\",\"name\":\"Sisi's Living\",\"url\":\"https:\/\/sisiliving.com\/\",\"logo\":{\"@type\":\"ImageObject\",\"inLanguage\":\"en-US\",\"@id\":\"https:\/\/sisiliving.com\/#\/schema\/logo\/image\/\",\"url\":\"https:\/\/i0.wp.com\/sisiliving.com\/wp-content\/uploads\/2024\/07\/cropped-cropped-cropped-bcb6ea048fbe80a64552ba8e809397b4.png?fit=512%2C512&ssl=1\",\"contentUrl\":\"https:\/\/i0.wp.com\/sisiliving.com\/wp-content\/uploads\/2024\/07\/cropped-cropped-cropped-bcb6ea048fbe80a64552ba8e809397b4.png?fit=512%2C512&ssl=1\",\"width\":512,\"height\":512,\"caption\":\"Sisi's Living\"},\"image\":{\"@id\":\"https:\/\/sisiliving.com\/#\/schema\/logo\/image\/\"},\"sameAs\":[\"https:\/\/facebook.com\/sisivyl\",\"https:\/\/instagram.com\/sisivyl\"]}]}<\/script>\n<!-- \/ Yoast SEO plugin. -->","yoast_head_json":{"title":"About - Sisi Living","robots":{"index":"index","follow":"follow","max-snippet":"max-snippet:-1","max-image-preview":"max-image-preview:large","max-video-preview":"max-video-preview:-1"},"canonical":"https:\/\/sisiliving.com\/index.php\/about\/","og_locale":"en_US","og_type":"article","og_title":"About - Sisi Living","og_description":"I was wandering around from land to land, thinking about who I wanted to be &amp; what I really wanted&hellip;","og_url":"https:\/\/sisiliving.com\/index.php\/about\/","og_site_name":"Sisi Living","article_publisher":"https:\/\/facebook.com\/sisivyl","article_modified_time":"2026-01-24T17:50:43+00:00","og_image":[{"url":"https:\/\/sisiliving.com\/wp-content\/uploads\/2025\/08\/unnamed-4-scaled.jpg","type":"","width":"","height":""}],"twitter_card":"summary_large_image","twitter_misc":{"Est. reading time":"2 minutes"},"schema":{"@context":"https:\/\/schema.org","@graph":[{"@type":["WebPage","CollectionPage"],"@id":"https:\/\/sisiliving.com\/index.php\/about\/","url":"https:\/\/sisiliving.com\/index.php\/about\/","name":"About - Sisi Living","isPartOf":{"@id":"https:\/\/sisiliving.com\/#website"},"primaryImageOfPage":{"@id":"https:\/\/sisiliving.com\/index.php\/about\/#primaryimage"},"image":{"@id":"https:\/\/sisiliving.com\/index.php\/about\/#primaryimage"},"thumbnailUrl":"https:\/\/sisiliving.com\/wp-content\/uploads\/2025\/08\/unnamed-4-scaled.jpg","datePublished":"2020-02-27T09:27:51+00:00","dateModified":"2026-01-24T17:50:43+00:00","breadcrumb":{"@id":"https:\/\/sisiliving.com\/index.php\/about\/#breadcrumb"},"inLanguage":"en-US"},{"@type":"ImageObject","inLanguage":"en-US","@id":"https:\/\/sisiliving.com\/index.php\/about\/#primaryimage","url":"https:\/\/i0.wp.com\/sisiliving.com\/wp-content\/uploads\/2025\/08\/unnamed-4-scaled.jpg?fit=1707%2C2560&ssl=1","contentUrl":"https:\/\/i0.wp.com\/sisiliving.com\/wp-content\/uploads\/2025\/08\/unnamed-4-scaled.jpg?fit=1707%2C2560&ssl=1","width":1707,"height":2560},{"@type":"BreadcrumbList","@id":"https:\/\/sisiliving.com\/index.php\/about\/#breadcrumb","itemListElement":[{"@type":"ListItem","position":1,"name":"Home","item":"https:\/\/sisiliving.com\/"},{"@type":"ListItem","position":2,"name":"About"}]},{"@type":"WebSite","@id":"https:\/\/sisiliving.com\/#website","url":"https:\/\/sisiliving.com\/","name":"Sisi's Living","description":"A garden of sisi&#039;s thoughts.","publisher":{"@id":"https:\/\/sisiliving.com\/#organization"},"potentialAction":[{"@type":"SearchAction","target":{"@type":"EntryPoint","urlTemplate":"https:\/\/sisiliving.com\/?s={search_term_string}"},"query-input":{"@type":"PropertyValueSpecification","valueRequired":true,"valueName":"search_term_string"}}],"inLanguage":"en-US"},{"@type":"Organization","@id":"https:\/\/sisiliving.com\/#organization","name":"Sisi's Living","url":"https:\/\/sisiliving.com\/","logo":{"@type":"ImageObject","inLanguage":"en-US","@id":"https:\/\/sisiliving.com\/#\/schema\/logo\/image\/","url":"https:\/\/i0.wp.com\/sisiliving.com\/wp-content\/uploads\/2024\/07\/cropped-cropped-cropped-bcb6ea048fbe80a64552ba8e809397b4.png?fit=512%2C512&ssl=1","contentUrl":"https:\/\/i0.wp.com\/sisiliving.com\/wp-content\/uploads\/2024\/07\/cropped-cropped-cropped-bcb6ea048fbe80a64552ba8e809397b4.png?fit=512%2C512&ssl=1","width":512,"height":512,"caption":"Sisi's Living"},"image":{"@id":"https:\/\/sisiliving.com\/#\/schema\/logo\/image\/"},"sameAs":["https:\/\/facebook.com\/sisivyl","https:\/\/instagram.com\/sisivyl"]}]}},"uagb_featured_image_src":{"full":false,"thumbnail":false,"medium":false,"medium_large":false,"large":false,"post-slider-thumb-size":false,"post-category-slider-size":false,"1536x1536":false,"2048x2048":false,"mailpoet_newsletter_max":false},"uagb_author_info":{"display_name":"Sisi","author_link":"https:\/\/sisiliving.com\/index.php\/author\/pthanh289\/"},"uagb_comment_info":0,"uagb_excerpt":"I was wandering around from land to land, thinking about who I wanted to be &amp; what I really wanted&hellip;","jetpack-related-posts":[{"id":1910,"url":"https:\/\/sisiliving.com\/index.php\/protect-animals\/","url_meta":{"origin":125,"position":0},"title":"Protect animals","author":"Sisi","date":"January 21, 2024","format":false,"excerpt":"Y\u00eau th\u01b0\u01a1ng v\u00e0 nu\u00f4i n\u1ea5ng ch\u00f3 m\u00e8o \u1edf Vi\u1ec7t Nam \u0111\u00fang c\u00e1ch. For my Lucky & Kiki ... (English) This is a little corner to tribute to my Lucky & Kiki, my adorable beloved pets when I was in Vietnam. I could not bring them to Finland with me immediately\u2026","rel":"","context":"Similar post","block_context":{"text":"Similar post","link":""},"img":{"alt_text":"","src":"https:\/\/i0.wp.com\/sisiliving.com\/wp-content\/uploads\/2024\/01\/jonas-vincent-xulIYVIbYIc-unsplash-scaled-e1705839782770.jpg?fit=1200%2C769&ssl=1&resize=350%2C200","width":350,"height":200,"srcset":"https:\/\/i0.wp.com\/sisiliving.com\/wp-content\/uploads\/2024\/01\/jonas-vincent-xulIYVIbYIc-unsplash-scaled-e1705839782770.jpg?fit=1200%2C769&ssl=1&resize=350%2C200 1x, https:\/\/i0.wp.com\/sisiliving.com\/wp-content\/uploads\/2024\/01\/jonas-vincent-xulIYVIbYIc-unsplash-scaled-e1705839782770.jpg?fit=1200%2C769&ssl=1&resize=525%2C300 1.5x, https:\/\/i0.wp.com\/sisiliving.com\/wp-content\/uploads\/2024\/01\/jonas-vincent-xulIYVIbYIc-unsplash-scaled-e1705839782770.jpg?fit=1200%2C769&ssl=1&resize=700%2C400 2x, https:\/\/i0.wp.com\/sisiliving.com\/wp-content\/uploads\/2024\/01\/jonas-vincent-xulIYVIbYIc-unsplash-scaled-e1705839782770.jpg?fit=1200%2C769&ssl=1&resize=1050%2C600 3x"},"classes":[]}],"jetpack_sharing_enabled":true,"_links":{"self":[{"href":"https:\/\/sisiliving.com\/index.php\/wp-json\/wp\/v2\/pages\/125","targetHints":{"allow":["GET"]}}],"collection":[{"href":"https:\/\/sisiliving.com\/index.php\/wp-json\/wp\/v2\/pages"}],"about":[{"href":"https:\/\/sisiliving.com\/index.php\/wp-json\/wp\/v2\/types\/page"}],"author":[{"embeddable":true,"href":"https:\/\/sisiliving.com\/index.php\/wp-json\/wp\/v2\/users\/1"}],"replies":[{"embeddable":true,"href":"https:\/\/sisiliving.com\/index.php\/wp-json\/wp\/v2\/comments?post=125"}],"version-history":[{"count":48,"href":"https:\/\/sisiliving.com\/index.php\/wp-json\/wp\/v2\/pages\/125\/revisions"}],"predecessor-version":[{"id":2555,"href":"https:\/\/sisiliving.com\/index.php\/wp-json\/wp\/v2\/pages\/125\/revisions\/2555"}],"wp:attachment":[{"href":"https:\/\/sisiliving.com\/index.php\/wp-json\/wp\/v2\/media?parent=125"}],"curies":[{"name":"wp","href":"https:\/\/api.w.org\/{rel}","templated":true}]}}